{"id":983,"date":"2018-07-10T16:50:33","date_gmt":"2018-07-10T14:50:33","guid":{"rendered":"http:\/\/asociacionesrefugi.org\/?page_id=983"},"modified":"2021-08-10T08:54:13","modified_gmt":"2021-08-10T06:54:13","slug":"quienes-somos","status":"publish","type":"page","link":"https:\/\/asociacionesrefugi.org\/es\/quienes-somos\/","title":{"rendered":"Qui\u00e9nes somos"},"content":{"rendered":"<p>[et_pb_section fb_built=\u00bb1&#8243; custom_padding_last_edited=\u00bbon|phone\u00bb admin_label=\u00bbHeader\u00bb _builder_version=\u00bb4.9.2&#8243; background_image=\u00bbhttp:\/\/asociacionesrefugi.org\/wp-content\/uploads\/2021\/04\/quienes-somos-scaled.jpg\u00bb parallax=\u00bbon\u00bb custom_padding=\u00bb100px||0vw|||\u00bb custom_padding_tablet=\u00bb40px|||\u00bb custom_padding_phone=\u00bb0px|||\u00bb locked=\u00bboff\u00bb][et_pb_row column_structure=\u00bb2_5,3_5&#8243; custom_padding_last_edited=\u00bbon|desktop\u00bb _builder_version=\u00bb4.6.5&#8243; width_tablet=\u00bb\u00bb width_phone=\u00bb90%\u00bb width_last_edited=\u00bbon|phone\u00bb custom_margin=\u00bb|||\u00bb custom_padding=\u00bb|30px||30px||true\u00bb custom_padding_tablet=\u00bb40px||\u00bb custom_padding_phone=\u00bb\u00bb box_shadow_style=\u00bbpreset7&#8243; box_shadow_horizontal=\u00bb0px\u00bb box_shadow_vertical=\u00bb154px\u00bb box_shadow_color=\u00bbrgba(21,156,64,0.65)\u00bb][et_pb_column type=\u00bb2_5&#8243; _builder_version=\u00bb3.25&#8243; custom_padding=\u00bb|||\u00bb custom_padding_last_edited=\u00bboff|desktop\u00bb custom_padding__hover=\u00bb|||\u00bb][\/et_pb_column][et_pb_column type=\u00bb3_5&#8243; _builder_version=\u00bb3.25&#8243; custom_padding=\u00bb|||\u00bb custom_padding_tablet=\u00bb16px||\u00bb custom_padding_phone=\u00bb\u00bb custom_padding_last_edited=\u00bbon|desktop\u00bb custom_padding__hover=\u00bb|||\u00bb][et_pb_text _builder_version=\u00bb4.6.5&#8243; header_font=\u00bb|700|||||||\u00bb header_font_size=\u00bb78px\u00bb header_letter_spacing=\u00bb-1px\u00bb header_line_height=\u00bb1.1em\u00bb background_layout=\u00bbdark\u00bb header_font_size_tablet=\u00bb56px\u00bb header_font_size_phone=\u00bb40px\u00bb header_font_size_last_edited=\u00bbon|phone\u00bb locked=\u00bboff\u00bb]<\/p>\n<h1>Qui\u00e9nes somos<\/h1>\n<p>[\/et_pb_text][\/et_pb_column][\/et_pb_row][et_pb_row _builder_version=\u00bb3.25&#8243; width=\u00bb100%\u00bb max_width=\u00bb100%\u00bb custom_padding=\u00bb0px||0px|||\u00bb locked=\u00bboff\u00bb][et_pb_column type=\u00bb4_4&#8243; _builder_version=\u00bb3.25&#8243; custom_padding=\u00bb|||\u00bb custom_padding__hover=\u00bb|||\u00bb][et_pb_image src=\u00bbhttp:\/\/asociacionesrefugi.org\/wp-content\/uploads\/2021\/03\/food-bank_57.png\u00bb align=\u00bbright\u00bb align_tablet=\u00bbcenter\u00bb align_phone=\u00bb\u00bb align_last_edited=\u00bbon|desktop\u00bb _builder_version=\u00bb3.23&#8243;][\/et_pb_image][\/et_pb_column][\/et_pb_row][\/et_pb_section][et_pb_section fb_built=\u00bb1&#8243; admin_label=\u00bbMission\u00bb _builder_version=\u00bb4.6.5&#8243; background_enable_image=\u00bboff\u00bb background_size=\u00bbinitial\u00bb][et_pb_row column_structure=\u00bb2_3,1_3&#8243; use_custom_gutter=\u00bbon\u00bb make_equal=\u00bbon\u00bb _builder_version=\u00bb3.25&#8243; locked=\u00bboff\u00bb][et_pb_column type=\u00bb2_3&#8243; _builder_version=\u00bb3.25&#8243; custom_padding=\u00bb|||\u00bb custom_padding__hover=\u00bb|||\u00bb][et_pb_divider color=\u00bb#159c40&#8243; divider_weight=\u00bb100px\u00bb _builder_version=\u00bb4.6.5&#8243; z_index=\u00bb-10&#8243; max_width=\u00bb360px\u00bb height=\u00bb40px\u00bb custom_margin=\u00bb||-34px|-40px\u00bb][\/et_pb_divider][et_pb_text _builder_version=\u00bb4.6.5&#8243; text_font=\u00bb||||||||\u00bb text_font_size=\u00bb20px\u00bb text_line_height=\u00bb2em\u00bb header_font=\u00bb||||||||\u00bb header_2_font=\u00bbLora|700|||||||\u00bb header_2_font_size=\u00bb60px\u00bb header_2_line_height=\u00bb1.2em\u00bb module_alignment=\u00bbleft\u00bb text_font_size_tablet=\u00bb\u00bb text_font_size_phone=\u00bb16px\u00bb text_font_size_last_edited=\u00bbon|desktop\u00bb header_2_font_size_tablet=\u00bb48px\u00bb header_2_font_size_phone=\u00bb32px\u00bb header_2_font_size_last_edited=\u00bbon|tablet\u00bb]<\/p>\n<h2>Nuestra Misi\u00f3n y valores<\/h2>\n<p>[\/et_pb_text][\/et_pb_column][et_pb_column type=\u00bb1_3&#8243; _builder_version=\u00bb3.25&#8243; custom_padding=\u00bb|||\u00bb custom_padding__hover=\u00bb|||\u00bb][\/et_pb_column][\/et_pb_row][et_pb_row column_structure=\u00bb1_3,1_3,1_3&#8243; use_custom_gutter=\u00bbon\u00bb gutter_width=\u00bb2&#8243; _builder_version=\u00bb4.6.5&#8243;][et_pb_column type=\u00bb1_3&#8243; _builder_version=\u00bb3.25&#8243; custom_padding=\u00bb|||\u00bb custom_padding__hover=\u00bb|||\u00bb][et_pb_text _builder_version=\u00bb4.6.5&#8243; text_line_height=\u00bb2em\u00bb header_font=\u00bb||||||||\u00bb header_3_text_color=\u00bb#74ba57&#8243; header_4_font=\u00bbLora|700|||||||\u00bb header_4_text_color=\u00bb#74ba57&#8243; header_4_font_size=\u00bb20px\u00bb header_4_line_height=\u00bb1.2em\u00bb width_tablet=\u00bbauto\u00bb width_phone=\u00bbauto\u00bb width_last_edited=\u00bbon|desktop\u00bb]<\/p>\n<h3>Nuestra entidad<\/h3>\n<p><strong>Es Refugi<\/strong> es una asociaci\u00f3n sin \u00e1nimo de lucro que trabaja para dar acogida y paliar las necesidades b\u00e1sicas de las personas que, por circunstancias muy diversas, se encuentran en situaci\u00f3n o en riesgo de exclusi\u00f3n social.<\/p>\n<p>El perfil general de los usuarios beneficiarios de las actuaciones de <strong>Es Refugi<\/strong> son personas con rotura de lazos familiares, laborales y sociales.<\/p>\n<p>Nuestra entidad colabora con organismos p\u00fablicos, como la Conselleria de Serveis Socials del Govern Balear, el Institut Mallorqu\u00ed d\u2019Afers Socials del Consell de Mallorca o la Regidur\u00eda de Serveis Socials del Ayuntamiento de Palma, as\u00ed como con otras entidades del tercer sector.<\/p>\n<p>[\/et_pb_text][\/et_pb_column][et_pb_column type=\u00bb1_3&#8243; _builder_version=\u00bb3.25&#8243; custom_padding=\u00bb|||\u00bb custom_padding__hover=\u00bb|||\u00bb][et_pb_text _builder_version=\u00bb4.6.5&#8243; text_line_height=\u00bb2em\u00bb header_font=\u00bb||||||||\u00bb header_3_text_color=\u00bb#74ba57&#8243; header_4_font=\u00bbLora|700|||||||\u00bb header_4_text_color=\u00bb#74ba57&#8243; header_4_font_size=\u00bb20px\u00bb header_4_line_height=\u00bb1.2em\u00bb]<\/p>\n<h3> Misi\u00f3n <\/h3>\n<p>Facilitar centros donde cualquier persona pueda ser acogida y atendida en sus necesidades m\u00e1s elementales, a cualquier hora del d\u00eda o de la noche, hasta el momento en que pueda encontrar la respuesta m\u00e1s adecuada a su situaci\u00f3n de necesidad social; en definitiva, ayudar a las personas m\u00e1s necesitadas, en todas sus vertientes, humanizando sus condiciones de vida y ser instrumento de transformaci\u00f3n social mediante el compromiso personal y comunitario.[\/et_pb_text][\/et_pb_column][et_pb_column type=\u00bb1_3&#8243; _builder_version=\u00bb3.25&#8243; custom_padding=\u00bb|||\u00bb custom_padding__hover=\u00bb|||\u00bb][et_pb_text _builder_version=\u00bb4.6.5&#8243; text_line_height=\u00bb2em\u00bb header_font=\u00bb||||||||\u00bb header_3_text_color=\u00bb#74ba57&#8243; header_4_font=\u00bbLora|700|||||||\u00bb header_4_text_color=\u00bb#74ba57&#8243; header_4_font_size=\u00bb20px\u00bb header_4_line_height=\u00bb1.2em\u00bb]<\/p>\n<h3>Valores<\/h3>\n<p>Personalizaci\u00f3n, trabajo individualizado a partir de las necesidades, las demandas y las capacidades de la persona.<\/p>\n<p>Respeto a la persona, a su manera de ser, a su historia vital, a sus ritmos y a su proceso personal.[\/et_pb_text][\/et_pb_column][\/et_pb_row][\/et_pb_section][et_pb_section fb_built=\u00bb1&#8243; admin_label=\u00bbMission\u00bb _builder_version=\u00bb4.6.5&#8243; background_enable_image=\u00bboff\u00bb background_size=\u00bbinitial\u00bb][et_pb_row column_structure=\u00bb2_3,1_3&#8243; use_custom_gutter=\u00bbon\u00bb make_equal=\u00bbon\u00bb _builder_version=\u00bb3.25&#8243; locked=\u00bboff\u00bb][et_pb_column type=\u00bb2_3&#8243; _builder_version=\u00bb3.25&#8243; custom_padding=\u00bb|||\u00bb custom_padding__hover=\u00bb|||\u00bb][et_pb_divider color=\u00bb#159c40&#8243; divider_weight=\u00bb100px\u00bb _builder_version=\u00bb4.6.5&#8243; z_index=\u00bb-10&#8243; max_width=\u00bb360px\u00bb height=\u00bb40px\u00bb custom_margin=\u00bb||-34px|-40px\u00bb][\/et_pb_divider][et_pb_text _builder_version=\u00bb4.6.5&#8243; text_font=\u00bb||||||||\u00bb text_font_size=\u00bb20px\u00bb text_line_height=\u00bb2em\u00bb header_font=\u00bb||||||||\u00bb header_2_font=\u00bbLora|700|||||||\u00bb header_2_font_size=\u00bb60px\u00bb header_2_line_height=\u00bb1.2em\u00bb module_alignment=\u00bbleft\u00bb text_font_size_tablet=\u00bb\u00bb text_font_size_phone=\u00bb16px\u00bb text_font_size_last_edited=\u00bbon|desktop\u00bb header_2_font_size_tablet=\u00bb48px\u00bb header_2_font_size_phone=\u00bb32px\u00bb header_2_font_size_last_edited=\u00bbon|tablet\u00bb]<\/p>\n<h2>Historia<\/h2>\n<p>[\/et_pb_text][\/et_pb_column][et_pb_column type=\u00bb1_3&#8243; _builder_version=\u00bb3.25&#8243; custom_padding=\u00bb|||\u00bb custom_padding__hover=\u00bb|||\u00bb][\/et_pb_column][\/et_pb_row][et_pb_row column_structure=\u00bb3_5,2_5&#8243; use_custom_gutter=\u00bbon\u00bb gutter_width=\u00bb2&#8243; _builder_version=\u00bb4.6.5&#8243;][et_pb_column type=\u00bb3_5&#8243; _builder_version=\u00bb3.25&#8243; custom_padding=\u00bb|||\u00bb custom_padding__hover=\u00bb|||\u00bb][et_pb_text _builder_version=\u00bb4.6.5&#8243; text_line_height=\u00bb2em\u00bb header_font=\u00bb||||||||\u00bb header_3_text_color=\u00bb#74ba57&#8243; header_4_font=\u00bbLora|700|||||||\u00bb header_4_text_color=\u00bb#74ba57&#8243; header_4_font_size=\u00bb20px\u00bb header_4_line_height=\u00bb1.2em\u00bb width_tablet=\u00bbauto\u00bb width_phone=\u00bbauto\u00bb width_last_edited=\u00bbon|desktop\u00bb]La Asociaci\u00f3n Altruista Es Refugi nace el 10 de febrero de 1993 con el objetivo de ofrecer atenci\u00f3n asistencial, as\u00ed como un hogar a las personas sin techo de Mallorca.<\/p>\n<p>Durante los primeros a\u00f1os, Es Refugi desarrolla su actividad en un hostal situado en la calle Apuntadores de Palma y centra sus esfuerzos en el acogimiento de personas con drogodependencia, proporcion\u00e1ndoles un lugar donde dormir y asearse. Asimismo, se les ofrece metadona, jeringuillas y preservativos con el objetivo prevenir determinadas enfermedades. <\/p>\n<p>En 1994, gracias a las administraciones locales, Es Refugi inicia una nueva etapa con su traslado a Sa Placeta, donde contin\u00faa con su mismo compromiso, esto es, ofrecer un centro de acogida para personas con drogodependencia sin soporte familiar, donde pudieran satisfacer sus necesidades b\u00e1sicas. Posteriormente, Es Refugi es, de nuevo, trasladado al centro de acogida del Carrilano.<\/p>\n<p>En 1996, Es Refugi cumple con un nuevo objetivo: la compra de la possessi\u00f3 Ca l\u2019Ardiaca, situada en la periferia de Palma y muy bien comunicada.<\/p>\n<p>En 1999, la Entidad se traslada definitivamente a Ca l\u2019Ardiaca y, fruto de la nueva realidad social, inicia la gesti\u00f3n de un centro de acogida para menores migrantes, hasta que estos puedan ser atendidos por otros centros gestionados directamente por los servicios sociales competentes. Paralelamente, el centro de Ca l\u2019Ardiaca contin\u00faa albergando un centro de acogida para adultos. <\/p>\n<p>En 2007, Es Refugi finaliza una reforma en profundidad de Ca l\u2019Ardiaca, que tiene como objetivo adaptar las dependencias a las normas de seguridad, sanitarias y para discapacitados, instalando rampas y escaleras de emergencia. <\/p>\n<p>En 2009, el Govern Balear reconoce la labor social desempe\u00f1ada por la Asociaci\u00f3n Altruista Es Refugi y le otorga el Premio Ramon Llull, conjuntamente con Can Gaz\u00e0 y Zaqueo.<\/p>\n<p>En 2013, Es Refugi decide ampliar su obra asistencial y abre un comedor social en las mismas instalaciones de Ca l\u2019Ardiaca II. <\/p>\n<p>En 2019, el centro de acogida Ca L\u2019Ardiaca II pasa a denominarse Refugi Pare Gaspar Aguil\u00f3 en homenaje y reconocimiento al impulsor de la entidad, coordinador durante muchos a\u00f1os y hoy presidente de honor, el Padre Gaspar Aguil\u00f3. <\/p>\n<p>Actualmente, Es Refugi atiende a parados de larga duraci\u00f3n, abrumados por el impago de las hipotecas, que han perdido el derecho a la prestaci\u00f3n de desempleo y con ruptura de sus lazos familiares, y que han visto agravada su situaci\u00f3n de exclusi\u00f3n en 2020 debido a la pandemia global del Covid19. [\/et_pb_text][\/et_pb_column][et_pb_column type=\u00bb2_5&#8243; _builder_version=\u00bb3.25&#8243; custom_padding=\u00bb|||\u00bb custom_padding__hover=\u00bb|||\u00bb][et_pb_text _builder_version=\u00bb4.9.4&#8243; text_line_height=\u00bb2em\u00bb header_font=\u00bb||||||||\u00bb header_3_text_color=\u00bb#74ba57&#8243; header_4_font=\u00bbLora|700|||||||\u00bb header_4_text_color=\u00bb#74ba57&#8243; header_4_font_size=\u00bb20px\u00bb header_4_line_height=\u00bb1.2em\u00bb hover_enabled=\u00bb0&#8243; sticky_enabled=\u00bb0&#8243;]<\/p>\n<h3>Junta directiva<\/h3>\n<p>Presidente: <strong>Fernando Villalobos Cabrera<\/strong><br \/>Vicepresidente primero: <strong>Jos\u00e9 Luis Cortey Roig<\/strong><br \/>Vicepresidenta segunda: <strong>Marieta Salas Zaforteza<\/strong><br \/>Vicepresidenta tercera: <strong>Margarita Bordoy Segu\u00ed<\/strong><br \/>Secretaria adjunta a presidencia: <strong>Mar\u00eda Rosa Arregui \u00c1lava<\/strong><br \/>Vicesecretaria adjunta a presidencia: <strong>\u00c1ngela Aguil\u00f3 Lemoine<\/strong><br \/>Vocal: <strong>Antonia Ferriol Jodar<\/strong><br \/>Vocal: <strong>Antonio Seijas Orol<\/strong><br \/>Vocal: <strong>Catalina Garau Obrador<\/strong><br \/>Vocal: <strong>Juan Antonio Marim\u00f3n Piz\u00e1<\/strong><br \/>Vocal: <strong>Juana Aroca Beltr\u00e1n<\/strong><br \/>Presidente de honor: <strong>Gaspar Aguil\u00f3 Cap\u00f3<\/strong><\/p>\n<p>[\/et_pb_text][\/et_pb_column][\/et_pb_row][\/et_pb_section]<\/p>\n","protected":false},"excerpt":{"rendered":"<p>Qui\u00e9nes somosNuestra Misi\u00f3n y valoresNuestra entidad Es Refugi es una asociaci\u00f3n sin \u00e1nimo de lucro que trabaja para dar acogida y paliar las necesidades b\u00e1sicas de las personas que, por circunstancias muy diversas, se encuentran en situaci\u00f3n o en riesgo de exclusi\u00f3n social. El perfil general de los usuarios beneficiarios de las actuaciones de Es [&hellip;]<\/p>\n","protected":false},"author":1,"featured_media":0,"parent":0,"menu_order":0,"comment_status":"closed","ping_status":"closed","template":"","meta":{"_et_pb_use_builder":"on","_et_pb_old_content":"","_et_gb_content_width":"","footnotes":""},"class_list":["post-983","page","type-page","status-publish","hentry"],"_links":{"self":[{"href":"https:\/\/asociacionesrefugi.org\/es\/wp-json\/wp\/v2\/pages\/983","targetHints":{"allow":["GET"]}}],"collection":[{"href":"https:\/\/asociacionesrefugi.org\/es\/wp-json\/wp\/v2\/pages"}],"about":[{"href":"https:\/\/asociacionesrefugi.org\/es\/wp-json\/wp\/v2\/types\/page"}],"author":[{"embeddable":true,"href":"https:\/\/asociacionesrefugi.org\/es\/wp-json\/wp\/v2\/users\/1"}],"replies":[{"embeddable":true,"href":"https:\/\/asociacionesrefugi.org\/es\/wp-json\/wp\/v2\/comments?post=983"}],"version-history":[{"count":5,"href":"https:\/\/asociacionesrefugi.org\/es\/wp-json\/wp\/v2\/pages\/983\/revisions"}],"predecessor-version":[{"id":2501,"href":"https:\/\/asociacionesrefugi.org\/es\/wp-json\/wp\/v2\/pages\/983\/revisions\/2501"}],"wp:attachment":[{"href":"https:\/\/asociacionesrefugi.org\/es\/wp-json\/wp\/v2\/media?parent=983"}],"curies":[{"name":"wp","href":"https:\/\/api.w.org\/{rel}","templated":true}]}}